{"id":4301,"date":"2026-02-17T15:59:32","date_gmt":"2026-02-17T15:59:32","guid":{"rendered":"https:\/\/fischiofinale.com\/?page_id=4301"},"modified":"2026-03-17T13:14:35","modified_gmt":"2026-03-17T13:14:35","slug":"canale-twitch","status":"publish","type":"page","link":"https:\/\/fischiofinale.com\/en\/canale-twitch\/","title":{"rendered":"Canale twitch"},"content":{"rendered":"<ul class=\"wp-block-social-links aligncenter is-layout-flex wp-block-social-links-is-layout-flex\"><li class=\"wp-social-link wp-social-link-twitch  wp-block-social-link\"><a href=\"https:\/\/www.twitch.tv\/fischio_finale\" class=\"wp-block-social-link-anchor\"><svg width=\"24\" height=\"24\" viewbox=\"0 0 24 24\" version=\"1.1\" xmlns=\"http:\/\/www.w3.org\/2000\/svg\" aria-hidden=\"true\" focusable=\"false\"><path d=\"M16.499,8.089h-1.636v4.91h1.636V8.089z M12,8.089h-1.637v4.91H12V8.089z M4.228,3.178L3,6.451v13.092h4.499V22h2.456 l2.454-2.456h3.681L21,14.636V3.178H4.228z M19.364,13.816l-2.864,2.865H12l-2.453,2.453V16.68H5.863V4.814h13.501V13.816z\"><\/path><\/svg><span class=\"wp-block-social-link-label screen-reader-text\">Twitch<\/span><\/a><\/li><\/ul>\n\n\n\n<p class=\"has-text-align-center\"><strong>Fischio Finale \u00e8 live su Twitch! \u26bd\ud83d\udd25<\/strong><br>Ogni settimana accendiamo la diretta per parlare di calcio senza filtri: commenti a caldo, opinioni, dibattiti e tanta interazione con la chat.<br>Se ti piace il calcio vissuto con passione, ironia e zero noia, questo \u00e8 il posto giusto.<\/p>\n\n\n\n<p class=\"has-text-align-center\">\ud83d\udcc5 Una live a settimana<br>\ud83d\udcac Partecipa in chat<br>\ud83c\udf99\ufe0f Entra nella discussione<\/p>\n\n\n\n<p class=\"has-text-align-center\">Segui il canale e vieni a dire la tua: il calcio non finisce al 90\u00b0.<\/p>\n\n\n\n<p><\/p>","protected":false},"excerpt":{"rendered":"<p>Fischio Finale \u00e8 live su Twitch! \u26bd\ud83d\udd25Ogni settimana accendiamo la diretta per parlare di calcio senza filtri: commenti<\/p>","protected":false},"author":9,"featured_media":4305,"parent":0,"menu_order":2,"comment_status":"closed","ping_status":"closed","template":"","meta":{"footnotes":""},"class_list":["post-4301","page","type-page","status-publish","has-post-thumbnail","hentry"],"yoast_head":"<!-- This site is optimized with the Yoast SEO plugin v27.3 - https:\/\/yoast.com\/product\/yoast-seo-wordpress\/ -->\n<title>Canale twitch - Fischio Finale<\/title>\n<meta name=\"description\" content=\"Fischio Finale \u00e8 live su Twitch! Ogni settimana accendiamo la diretta per parlare di calcio senza filtri: commenti a caldo e opinioni\" \/>\n<meta name=\"robots\" content=\"index, follow, max-snippet:-1, max-image-preview:large, max-video-preview:-1\" \/>\n<link rel=\"canonical\" href=\"https:\/\/fischiofinale.com\/en\/canale-twitch\/\" \/>\n<meta property=\"og:locale\" content=\"en_GB\" \/>\n<meta property=\"og:type\" content=\"article\" \/>\n<meta property=\"og:title\" content=\"Canale twitch - Fischio Finale\" \/>\n<meta property=\"og:description\" content=\"Fischio Finale \u00e8 live su Twitch! Ogni settimana accendiamo la diretta per parlare di calcio senza filtri: commenti a caldo e opinioni\" \/>\n<meta property=\"og:url\" content=\"https:\/\/fischiofinale.com\/en\/canale-twitch\/\" \/>\n<meta property=\"og:site_name\" content=\"Fischio Finale\" \/>\n<meta property=\"article:publisher\" content=\"https:\/\/www.facebook.com\/share\/1BoR1Bqryq\/?mibextid=wwXIfr\" \/>\n<meta property=\"article:modified_time\" content=\"2026-03-17T13:14:35+00:00\" \/>\n<meta property=\"og:image\" content=\"https:\/\/fischiofinale.com\/wp-content\/uploads\/2026\/02\/WhatsApp-Image-2026-02-17-at-16.59.04.jpeg\" \/>\n\t<meta property=\"og:image:width\" content=\"1600\" \/>\n\t<meta property=\"og:image:height\" content=\"900\" \/>\n\t<meta property=\"og:image:type\" content=\"image\/jpeg\" \/>\n<meta name=\"twitter:card\" content=\"summary_large_image\" \/>\n<meta name=\"twitter:label1\" content=\"Estimated reading time\" \/>\n\t<meta name=\"twitter:data1\" content=\"1 minute\" \/>\n<script type=\"application\/ld+json\" class=\"yoast-schema-graph\">{\"@context\":\"https:\\\/\\\/schema.org\",\"@graph\":[{\"@type\":\"WebPage\",\"@id\":\"https:\\\/\\\/fischiofinale.com\\\/canale-twitch\\\/\",\"url\":\"https:\\\/\\\/fischiofinale.com\\\/canale-twitch\\\/\",\"name\":\"Canale twitch - Fischio Finale\",\"isPartOf\":{\"@id\":\"https:\\\/\\\/fischiofinale.com\\\/#website\"},\"primaryImageOfPage\":{\"@id\":\"https:\\\/\\\/fischiofinale.com\\\/canale-twitch\\\/#primaryimage\"},\"image\":{\"@id\":\"https:\\\/\\\/fischiofinale.com\\\/canale-twitch\\\/#primaryimage\"},\"thumbnailUrl\":\"https:\\\/\\\/i0.wp.com\\\/fischiofinale.com\\\/wp-content\\\/uploads\\\/2026\\\/02\\\/WhatsApp-Image-2026-02-17-at-16.59.04.jpeg?fit=1600%2C900&ssl=1\",\"datePublished\":\"2026-02-17T15:59:32+00:00\",\"dateModified\":\"2026-03-17T13:14:35+00:00\",\"description\":\"Fischio Finale \u00e8 live su Twitch! Ogni settimana accendiamo la diretta per parlare di calcio senza filtri: commenti a caldo e opinioni\",\"breadcrumb\":{\"@id\":\"https:\\\/\\\/fischiofinale.com\\\/canale-twitch\\\/#breadcrumb\"},\"inLanguage\":\"en-GB\",\"potentialAction\":[{\"@type\":\"ReadAction\",\"target\":[\"https:\\\/\\\/fischiofinale.com\\\/canale-twitch\\\/\"]}]},{\"@type\":\"ImageObject\",\"inLanguage\":\"en-GB\",\"@id\":\"https:\\\/\\\/fischiofinale.com\\\/canale-twitch\\\/#primaryimage\",\"url\":\"https:\\\/\\\/i0.wp.com\\\/fischiofinale.com\\\/wp-content\\\/uploads\\\/2026\\\/02\\\/WhatsApp-Image-2026-02-17-at-16.59.04.jpeg?fit=1600%2C900&ssl=1\",\"contentUrl\":\"https:\\\/\\\/i0.wp.com\\\/fischiofinale.com\\\/wp-content\\\/uploads\\\/2026\\\/02\\\/WhatsApp-Image-2026-02-17-at-16.59.04.jpeg?fit=1600%2C900&ssl=1\",\"width\":1600,\"height\":900},{\"@type\":\"BreadcrumbList\",\"@id\":\"https:\\\/\\\/fischiofinale.com\\\/canale-twitch\\\/#breadcrumb\",\"itemListElement\":[{\"@type\":\"ListItem\",\"position\":1,\"name\":\"Home\",\"item\":\"https:\\\/\\\/fischiofinale.com\\\/\"},{\"@type\":\"ListItem\",\"position\":2,\"name\":\"Canale twitch\"}]},{\"@type\":\"WebSite\",\"@id\":\"https:\\\/\\\/fischiofinale.com\\\/#website\",\"url\":\"https:\\\/\\\/fischiofinale.com\\\/\",\"name\":\"Fischio Finale\",\"description\":\"\",\"potentialAction\":[{\"@type\":\"SearchAction\",\"target\":{\"@type\":\"EntryPoint\",\"urlTemplate\":\"https:\\\/\\\/fischiofinale.com\\\/?s={search_term_string}\"},\"query-input\":{\"@type\":\"PropertyValueSpecification\",\"valueRequired\":true,\"valueName\":\"search_term_string\"}}],\"inLanguage\":\"en-GB\"}]}<\/script>\n<!-- \/ Yoast SEO plugin. -->","yoast_head_json":{"title":"Canale twitch - Fischio Finale","description":"Fischio Finale \u00e8 live su Twitch! Ogni settimana accendiamo la diretta per parlare di calcio senza filtri: commenti a caldo e opinioni","robots":{"index":"index","follow":"follow","max-snippet":"max-snippet:-1","max-image-preview":"max-image-preview:large","max-video-preview":"max-video-preview:-1"},"canonical":"https:\/\/fischiofinale.com\/en\/canale-twitch\/","og_locale":"en_GB","og_type":"article","og_title":"Canale twitch - Fischio Finale","og_description":"Fischio Finale \u00e8 live su Twitch! Ogni settimana accendiamo la diretta per parlare di calcio senza filtri: commenti a caldo e opinioni","og_url":"https:\/\/fischiofinale.com\/en\/canale-twitch\/","og_site_name":"Fischio Finale","article_publisher":"https:\/\/www.facebook.com\/share\/1BoR1Bqryq\/?mibextid=wwXIfr","article_modified_time":"2026-03-17T13:14:35+00:00","og_image":[{"width":1600,"height":900,"url":"https:\/\/fischiofinale.com\/wp-content\/uploads\/2026\/02\/WhatsApp-Image-2026-02-17-at-16.59.04.jpeg","type":"image\/jpeg"}],"twitter_card":"summary_large_image","twitter_misc":{"Estimated reading time":"1 minute"},"schema":{"@context":"https:\/\/schema.org","@graph":[{"@type":"WebPage","@id":"https:\/\/fischiofinale.com\/canale-twitch\/","url":"https:\/\/fischiofinale.com\/canale-twitch\/","name":"Canale twitch - Fischio Finale","isPartOf":{"@id":"https:\/\/fischiofinale.com\/#website"},"primaryImageOfPage":{"@id":"https:\/\/fischiofinale.com\/canale-twitch\/#primaryimage"},"image":{"@id":"https:\/\/fischiofinale.com\/canale-twitch\/#primaryimage"},"thumbnailUrl":"https:\/\/i0.wp.com\/fischiofinale.com\/wp-content\/uploads\/2026\/02\/WhatsApp-Image-2026-02-17-at-16.59.04.jpeg?fit=1600%2C900&ssl=1","datePublished":"2026-02-17T15:59:32+00:00","dateModified":"2026-03-17T13:14:35+00:00","description":"Fischio Finale \u00e8 live su Twitch! Ogni settimana accendiamo la diretta per parlare di calcio senza filtri: commenti a caldo e opinioni","breadcrumb":{"@id":"https:\/\/fischiofinale.com\/canale-twitch\/#breadcrumb"},"inLanguage":"en-GB","potentialAction":[{"@type":"ReadAction","target":["https:\/\/fischiofinale.com\/canale-twitch\/"]}]},{"@type":"ImageObject","inLanguage":"en-GB","@id":"https:\/\/fischiofinale.com\/canale-twitch\/#primaryimage","url":"https:\/\/i0.wp.com\/fischiofinale.com\/wp-content\/uploads\/2026\/02\/WhatsApp-Image-2026-02-17-at-16.59.04.jpeg?fit=1600%2C900&ssl=1","contentUrl":"https:\/\/i0.wp.com\/fischiofinale.com\/wp-content\/uploads\/2026\/02\/WhatsApp-Image-2026-02-17-at-16.59.04.jpeg?fit=1600%2C900&ssl=1","width":1600,"height":900},{"@type":"BreadcrumbList","@id":"https:\/\/fischiofinale.com\/canale-twitch\/#breadcrumb","itemListElement":[{"@type":"ListItem","position":1,"name":"Home","item":"https:\/\/fischiofinale.com\/"},{"@type":"ListItem","position":2,"name":"Canale twitch"}]},{"@type":"WebSite","@id":"https:\/\/fischiofinale.com\/#website","url":"https:\/\/fischiofinale.com\/","name":"Fischio Finale","description":"","potentialAction":[{"@type":"SearchAction","target":{"@type":"EntryPoint","urlTemplate":"https:\/\/fischiofinale.com\/?s={search_term_string}"},"query-input":{"@type":"PropertyValueSpecification","valueRequired":true,"valueName":"search_term_string"}}],"inLanguage":"en-GB"}]}},"jetpack_sharing_enabled":true,"jetpack-related-posts":[{"id":7238,"url":"https:\/\/fischiofinale.com\/en\/cookie-policy\/","url_meta":{"origin":4301,"position":0},"title":"Cookie Policy","author":"Giovanni Spatola","date":"23 March 2026","format":false,"excerpt":"COOKIE POLICY DI FISCHIOFINALE.COM La presente Cookie Policy ha lo scopo di informare l\u2019utente in merito alle tipologie di cookie utilizzati dal sito fischiofinale.com, le finalit\u00e0 e le modalit\u00e0 di gestione dei consensi, in conformit\u00e0 al Provvedimento del Garante Privacy dell'8 maggio 2014 e alle Linee Guida cookie del 10\u2026","rel":"","context":"Similar post","block_context":{"text":"Similar post","link":""},"img":{"alt_text":"","src":"","width":0,"height":0},"classes":[]},{"id":923,"url":"https:\/\/fischiofinale.com\/en\/il-podcast\/","url_meta":{"origin":4301,"position":1},"title":"Il podcast","author":"amministrazione1","date":"20 November 2025","format":false,"excerpt":"Benvenuti su \u201cPressing alla Can\u00e0\u201d, il podcast dedicato a tutti gli appassionati di calcio che vogliono vivere lo sport con passione, analisi e un pizzico di ironia. Ogni settimana, approfondiamo partite, tattiche, giocatori e curiosit\u00e0 dal mondo del pallone, cercando di raccontare il calcio come se fossimo in panchina accanto\u2026","rel":"","context":"Similar post","block_context":{"text":"Similar post","link":""},"img":{"alt_text":"","src":"https:\/\/i0.wp.com\/fischiofinale.com\/wp-content\/uploads\/2025\/11\/pressing-alla-cana.jpg?resize=350%2C200&ssl=1","width":350,"height":200,"srcset":"https:\/\/i0.wp.com\/fischiofinale.com\/wp-content\/uploads\/2025\/11\/pressing-alla-cana.jpg?resize=350%2C200&ssl=1 1x, https:\/\/i0.wp.com\/fischiofinale.com\/wp-content\/uploads\/2025\/11\/pressing-alla-cana.jpg?resize=525%2C300&ssl=1 1.5x, https:\/\/i0.wp.com\/fischiofinale.com\/wp-content\/uploads\/2025\/11\/pressing-alla-cana.jpg?resize=700%2C400&ssl=1 2x"},"classes":[]},{"id":2698,"url":"https:\/\/fischiofinale.com\/en\/sponsor\/","url_meta":{"origin":4301,"position":2},"title":"Sponsor","author":"amministrazione1","date":"20 January 2026","format":false,"excerpt":"L'ANGOLO DEL TIFOSO \"L'angolo del tifoso\" \u00e8 il nuovo sponsor ufficiale di Fischio Finale! Questo progetto social tratta tematiche legate al calcio a 360 gradi, con rubriche e approfondimenti ad hoc (l'angolo dello scout, famiglie del pallone, gemellaggi nel calcio).Ogni account nasce da una passione, la nostra \u00e8 il calcio,\u2026","rel":"","context":"Similar post","block_context":{"text":"Similar post","link":""},"img":{"alt_text":"","src":"https:\/\/i0.wp.com\/fischiofinale.com\/wp-content\/uploads\/2026\/01\/WhatsApp-Image-2026-01-20-at-16.11.51.jpeg?resize=350%2C200&ssl=1","width":350,"height":200,"srcset":"https:\/\/i0.wp.com\/fischiofinale.com\/wp-content\/uploads\/2026\/01\/WhatsApp-Image-2026-01-20-at-16.11.51.jpeg?resize=350%2C200&ssl=1 1x, https:\/\/i0.wp.com\/fischiofinale.com\/wp-content\/uploads\/2026\/01\/WhatsApp-Image-2026-01-20-at-16.11.51.jpeg?resize=525%2C300&ssl=1 1.5x, https:\/\/i0.wp.com\/fischiofinale.com\/wp-content\/uploads\/2026\/01\/WhatsApp-Image-2026-01-20-at-16.11.51.jpeg?resize=700%2C400&ssl=1 2x, https:\/\/i0.wp.com\/fischiofinale.com\/wp-content\/uploads\/2026\/01\/WhatsApp-Image-2026-01-20-at-16.11.51.jpeg?resize=1050%2C600&ssl=1 3x, https:\/\/i0.wp.com\/fischiofinale.com\/wp-content\/uploads\/2026\/01\/WhatsApp-Image-2026-01-20-at-16.11.51.jpeg?resize=1400%2C800&ssl=1 4x"},"classes":[]},{"id":867,"url":"https:\/\/fischiofinale.com\/en\/chi-siamo\/","url_meta":{"origin":4301,"position":3},"title":"Chi siamo","author":"amministrazione1","date":"19 November 2025","format":false,"excerpt":"Fischio Finale nasce dalla passione per il calcio di due ragazzi, quello raccontato con semplicit\u00e0, precisione e un occhio sempre attento all\u2019attualit\u00e0, che hanno deciso di intraprendere questa avventura e imbattersi in un progetto costruito da zero per creare qualcosa che possa regalarci in futuro ci\u00f2 che desideriamo. Ogni giorno\u2026","rel":"","context":"Similar post","block_context":{"text":"Similar post","link":""},"img":{"alt_text":"","src":"","width":0,"height":0},"classes":[]}],"jetpack_likes_enabled":true,"_links":{"self":[{"href":"https:\/\/fischiofinale.com\/en\/wp-json\/wp\/v2\/pages\/4301","targetHints":{"allow":["GET"]}}],"collection":[{"href":"https:\/\/fischiofinale.com\/en\/wp-json\/wp\/v2\/pages"}],"about":[{"href":"https:\/\/fischiofinale.com\/en\/wp-json\/wp\/v2\/types\/page"}],"author":[{"embeddable":true,"href":"https:\/\/fischiofinale.com\/en\/wp-json\/wp\/v2\/users\/9"}],"replies":[{"embeddable":true,"href":"https:\/\/fischiofinale.com\/en\/wp-json\/wp\/v2\/comments?post=4301"}],"version-history":[{"count":5,"href":"https:\/\/fischiofinale.com\/en\/wp-json\/wp\/v2\/pages\/4301\/revisions"}],"predecessor-version":[{"id":6704,"href":"https:\/\/fischiofinale.com\/en\/wp-json\/wp\/v2\/pages\/4301\/revisions\/6704"}],"wp:featuredmedia":[{"embeddable":true,"href":"https:\/\/fischiofinale.com\/en\/wp-json\/wp\/v2\/media\/4305"}],"wp:attachment":[{"href":"https:\/\/fischiofinale.com\/en\/wp-json\/wp\/v2\/media?parent=4301"}],"curies":[{"name":"wp","href":"https:\/\/api.w.org\/{rel}","templated":true}]}}